{"id":372,"date":"2020-06-04T10:17:55","date_gmt":"2020-06-04T08:17:55","guid":{"rendered":"https:\/\/twohands-consulting.de\/datenschutz\/"},"modified":"2020-10-13T16:10:54","modified_gmt":"2020-10-13T14:10:54","slug":"datenschutz","status":"publish","type":"page","link":"https:\/\/twohands-consulting.de\/en\/datenschutz\/","title":{"rendered":"DATENSCHUTZ"},"content":{"rendered":"\r\n<p>Verantwortliche Stelle im Sinne der Datenschutzgesetze, insbesondere der EU-Datenschutzgrundverordnung (DSGVO):<\/p>\r\n<p><strong>Two Hands Consulting GmbH &amp; Co. KG<\/strong><\/p>\r\n<p>Boschring 20<br \/>\r\n56422 Wirges<\/p>\r\n<p>TELEFON: <br \/>\r\n<a href=\"tel:+491743163867\">+49 174 \u2013 31 63 867<\/a><br \/>\r\n<a href=\"tel:+491742109833\">+49 174<\/a><a href=\"tel:+491743163867\"> \u2013 <\/a><a href=\"tel:+491742109833\"> 21 09 833<\/a><\/p>\r\n<p>EMAIL: <a href=\"mailto:info@twohands-consulting.de\">info@twohands-consulting.de<\/a><\/p>\r\n<p>&nbsp;<\/p>\r\n<h2>Sicherheit und Schutz Ihrer Daten<\/h2>\r\n<p>Wir betrachten es als unsere vorrangige Aufgabe, die Vertraulichkeit der von Ihnen bereitgestellten personenbezogenen Daten zu wahren und diese vor unbefugten Zugriffen zu sch\u00fctzen. Deshalb wenden wir \u00e4u\u00dferste Sorgfalt und modernste Sicherheitsstandards an, um einen maximalen Schutz Ihrer personenbezogenen Daten zu gew\u00e4hrleisten.<\/p>\r\n<p>Als privatrechtliches Unternehmen unterliegen wir den Bestimmungen der europ\u00e4ischen Datenschutzgrundverordnung (DSGVO) und den Regelungen des Bundesdatenschutzgesetzes (BDSG). Wir haben technische und organisatorische Ma\u00dfnahmen getroffen, die sicherstellen, dass die Vorschriften \u00fcber den Datenschutz sowohl von uns, als auch von unseren externen Dienstleistern beachtet werden.<\/p>\r\n<h2>Rechtm\u00e4\u00dfigkeit der Verarbeitung<\/h2>\r\n<p>Die Verarbeitung personenbezogener Daten ist nur rechtm\u00e4\u00dfig, wenn f\u00fcr die Verarbeitung eine Rechtsgrundlage besteht. Rechtsgrundlage f\u00fcr die Verarbeitung k\u00f6nnen gem\u00e4\u00df Artikel 6 Abs. 1 \u00a0lit. 1 \u2013 6 DSGVO insbesondere sein:<\/p>\r\n<ol>\r\n\t<li>Die betroffene Person hat ihre Einwilligung zu der Verarbeitung der sie betreffenden personenbezogenen Daten f\u00fcr einen oder mehrere bestimmte Zwecke gegeben;<\/li>\r\n\t<li>die Verarbeitung ist f\u00fcr die Erf\u00fcllung eines Vertrags, dessen Vertragspartei die betroffene Person ist, oder zur Durchf\u00fchrung vorvertraglicher Ma\u00dfnahmen erforderlich, die auf Anfrage der betroffenen Person erfolgen;<\/li>\r\n\t<li>die Verarbeitung ist zur Erf\u00fcllung einer rechtlichen Verpflichtung erforderlich, der der Verantwortliche unterliegt;<\/li>\r\n\t<li>die Verarbeitung ist erforderlich, um lebenswichtige Interessen der betroffenen Person oder einer anderen nat\u00fcrlichen Person zu sch\u00fctzen;<\/li>\r\n\t<li>die Verarbeitung ist f\u00fcr die Wahrnehmung einer Aufgabe erforderlich, die im \u00f6ffentlichen Interesse liegt oder in Aus\u00fcbung \u00f6ffentlicher Gewalt erfolgt, die dem Verantwortlichen \u00fcbertragen wurde;<\/li>\r\n\t<li>die Verarbeitung ist zur Wahrung der berechtigten Interessen des Verantwortlichen oder eines Dritten erforderlich, sofern nicht die Interessen oder Grundrechte und Grundfreiheiten der betroffenen Person, die den Schutz personenbezogener Daten erfordern, \u00fcberwiegen, insbesondere dann, wenn es sich bei der betroffenen Person um ein Kind handelt.<\/li>\r\n<\/ol>\r\n<h2>\u00a0<\/h2>\r\n<h2>Erhebung von Daten bei Nutzung unserer Website<\/h2>\r\n<p>Bei der rein informatorischen Nutzung der Website, also wenn Sie sich nicht registrieren oder uns anderweitig Informationen \u00fcbermitteln, erheben wir nur die personenbezogenen Daten, die Ihr Browser an unseren Server \u00fcbermittelt. Wenn Sie unsere Website betrachten m\u00f6chten, erheben wir die folgenden Daten, die f\u00fcr uns technisch erforderlich sind, um Ihnen unsere Website anzuzeigen und die Stabilit\u00e4t und Sicherheit zu gew\u00e4hrleisten (Rechtsgrundlage ist Art. 6 Abs. 1 S. 1 lit. f DSGVO):<\/p>\r\n<ul>\r\n\t<li>IP-Adresse<\/li>\r\n\t<li>Datum und Uhrzeit der Anfrage<\/li>\r\n\t<li>Zeitzonendifferenz zur Greenwich Mean Time (GMT)<\/li>\r\n\t<li>Inhalt der Anforderung (konkrete Seite)<\/li>\r\n\t<li>Zugriffsstatus\/HTTP-Statuscode<\/li>\r\n\t<li>jeweils \u00fcbertragene Datenmenge<\/li>\r\n\t<li>Website, von der die Anforderung kommt<\/li>\r\n\t<li>Browser<\/li>\r\n\t<li>Betriebssystem und dessen Oberfl\u00e4che<\/li>\r\n\t<li>Sprache und Version der Browsersoftware.<\/li>\r\n<\/ul>\r\n<h2>\u00a0<\/h2>\r\n<h2>SSL-Verschl\u00fcsselung<\/h2>\r\n<p>Um die Sicherheit Ihrer Daten bei der \u00dcbertragung zu sch\u00fctzen, verwenden wir dem aktuellen Stand der Technik entsprechende Verschl\u00fcsselungsverfahren wie SSL \u00fcber HTTPS.<strong>\u00a0<\/strong><\/p>\r\n<p>&nbsp;<\/p>\r\n<h2>Erweiterte Funktionen und Angebote unserer Website<\/h2>\r\n<p>(1) Neben der rein informatorischen Nutzung unserer Website bieten wir verschiedene Leistungen an, die Sie bei Interesse nutzen k\u00f6nnen. Dazu m\u00fcssen Sie in der Regel weitere personenbezogene Daten angeben, die wir zur Erbringung der jeweiligen Leistung nutzen und f\u00fcr die die zuvor genannten Grunds\u00e4tze zur Datenverarbeitung gelten.<\/p>\r\n<p>(2) Teilweise bedienen wir uns zur Verarbeitung Ihrer Daten externer Dienstleister. Diese wurden von uns sorgf\u00e4ltig ausgew\u00e4hlt und beauftragt, sind an unsere Weisungen gebunden und werden regelm\u00e4\u00dfig kontrolliert.<\/p>\r\n<p>(3) Weiterhin k\u00f6nnen wir Ihre personenbezogenen Daten an Dritte weitergeben, wenn Aktionsteilnahmen, Gewinnspiele, Vertragsabschl\u00fcsse oder \u00e4hnliche Leistungen von uns gemeinsam mit Partnern angeboten werden. N\u00e4here Informationen hierzu erhalten Sie bei Angabe Ihrer personenbezogenen Daten oder untenstehend in der Beschreibung des Angebotes.<\/p>\r\n<p>(4) Soweit unsere Dienstleister oder Partner ihren Sitz in einem Staat au\u00dferhalb des Europ\u00e4ischen Wirtschaftsraumen (EWR) haben, informieren wir Sie \u00fcber die Folgen dieses Umstands in der Beschreibung des Angebotes.<\/p>\r\n<h2>Cookies<\/h2>\r\n<p>Bei der Nutzung unserer Website werden Cookies auf Ihrem Rechner gespeichert. Bei Cookies handelt es sich um kleine Textdateien, die auf Ihrer Festplatte dem von Ihnen verwendeten Browser zugeordnet gespeichert werden und durch welche der Stelle, die den Cookie setzt, bestimmte Informationen zuflie\u00dfen. Cookies k\u00f6nnen keine Programme ausf\u00fchren oder Viren auf Ihren Computer \u00fcbertragen. Sie dienen dazu, das Internetangebot insgesamt nutzerfreundlicher und effektiver zu machen.<\/p>\r\n<p>Sie k\u00f6nnen unsere Website grunds\u00e4tzlich auch ohne Cookies betrachten. Internet-Browser sind regelm\u00e4\u00dfig so eingestellt, dass sie Cookies akzeptieren. Im Allgemeinen k\u00f6nnen Sie die Verwendung von Cookies jederzeit \u00fcber die Einstellungen Ihres Browsers deaktivieren. Au\u00dferdem empfehlen wir, regelm\u00e4\u00dfig Ihre Cookies und den Browser-Verlauf manuell zu l\u00f6schen.<\/p>\r\n<h2>Kontaktformular<\/h2>\r\n<p>Treten Sie per E-Mail oder Kontaktformular mit uns in Verbindung, erteilen Sie uns zum Zwecke der Kontaktaufnahme Ihre freiwillige Einwilligung. Hierf\u00fcr ist die Angabe einer validen E-Mail-Adresse erforderlich. Diese dient der Zuordnung der Anfrage und der anschlie\u00dfenden Beantwortung derselben. Die gemachten Angaben werden zum Zwecke der Bearbeitung der Anfrage sowie f\u00fcr eventuelle Anschlussfragen gespeichert. Ihr Angaben k\u00f6nnen auch in einem Customer-Relationship-Management System (CRM System) gespeichert werden.<\/p>\r\n<p>Nach Erledigung der von Ihnen gestellten Anfrage, werden personenbezogene Daten gel\u00f6scht.<\/p>\r\n<h2>google Analytics<\/h2>\r\n<p>(1) Diese Website benutzt Google Analytics, einen Webanalysedienst der Google Inc. (\u201eGoogle\u201c). Google Analytics verwendet sog. \u201eCookies\u201c, Textdateien, die auf Ihrem Computer gespeichert werden und die eine Analyse der Benutzung der Website durch Sie erm\u00f6glichen. Die durch das Cookie erzeugten Informationen \u00fcber Ihre Benutzung dieser Website werden in der Regel an einen Server von Google in den USA \u00fcbertragen und dort gespeichert. Im Falle der Aktivierung der IP-Anonymisierung auf dieser Website, wird Ihre IP-Adresse von Google jedoch innerhalb von Mitgliedstaaten der Europ\u00e4ischen Union oder in anderen Vertragsstaaten des Abkommens \u00fcber den Europ\u00e4ischen Wirtschaftsraum zuvor gek\u00fcrzt. Nur in Ausnahmef\u00e4llen wird die volle IP-Adresse an einen Server von Google in den USA \u00fcbertragen und dort gek\u00fcrzt. Im Auftrag des Betreibers dieser Website wird Google diese Informationen benutzen, um Ihre Nutzung der Website auszuwerten, um Reports \u00fcber die Website-Aktivit\u00e4ten zusammenzustellen und um weitere mit der Website-Nutzung und der Internetnutzung verbundene Dienstleistungen gegen\u00fcber dem Website-Betreiber zu erbringen.<\/p>\r\n<p>(2) Die im Rahmen von Google Analytics von Ihrem Browser \u00fcbermittelte IP-Adresse wird nicht mit anderen Daten von Google zusammengef\u00fchrt.<\/p>\r\n<p>(3) Sie k\u00f6nnen die Speicherung der Cookies durch eine entsprechende Einstellung Ihrer Browser-Software verhindern; wir weisen Sie jedoch darauf hin, dass Sie in diesem Fall gegebenenfalls nicht s\u00e4mtliche Funktionen dieser Website vollumf\u00e4nglich werden nutzen k\u00f6nnen. Sie k\u00f6nnen dar\u00fcber hinaus die Erfassung der durch das Cookie erzeugten und auf Ihre Nutzung der Website bezogenen Daten (inkl. Ihrer IP-Adresse) an Google sowie die Verarbeitung dieser Daten durch Google verhindern, indem sie das unter dem folgenden Link verf\u00fcgbare Browser-Plug-in herunterladen und installieren: <a href=\"http:\/\/tools.google.com\/dlpage\/gaoptout?hl=de\">http:\/\/tools.google.com\/dlpage\/gaoptout?hl=de<\/a>.<\/p>\r\n<p>(4) Diese Website verwendet Google Analytics mit der Erweiterung \u201e_anonymizeIp()\u201c. Dadurch werden IP-Adressen gek\u00fcrzt weiterverarbeitet, eine Personenbeziehbarkeit kann damit ausgeschlossen werden. Soweit den \u00fcber Sie erhobenen Daten ein Personenbezug zukommt, wird dieser also sofort ausgeschlossen und die personenbezogenen Daten damit umgehend gel\u00f6scht.<\/p>\r\n<p>(5) Wir nutzen Google Analytics, um die Nutzung unserer Website analysieren und regelm\u00e4\u00dfig verbessern zu k\u00f6nnen. \u00dcber die gewonnenen Statistiken k\u00f6nnen wir unser Angebot verbessern und f\u00fcr Sie als Nutzer interessanter ausgestalten. F\u00fcr die Ausnahmef\u00e4lle, in denen personenbezogene Daten in die USA \u00fcbertragen werden, hat sich Google dem EU-US Privacy Shield unterworfen, https:\/\/www.privacyshield.gov\/EU-US-Framework. Rechtsgrundlage f\u00fcr die Nutzung von Google Analytics ist Art. 6 Abs. 1 S. 1 lit. f DSGVO.<\/p>\r\n<p>(6) Informationen des Drittanbieters: Google Dublin, Google Ireland Ltd., Gordon House, Barrow Street, Dublin 4, Ireland, Fax: +353 (1) 436\u20091001. Nutzerbedingungen:<\/p>\r\n<p>http:\/\/www.google.com\/analytics\/terms\/de.html, \u00dcbersicht zum Datenschutz: http:\/\/www.google.com\/intl\/de\/analytics\/learn\/privacy.html, sowie die Datenschutzerkl\u00e4rung: http:\/\/www.google.de\/intl\/de\/policies\/privacy.<\/p>\r\n<p>(7) Diese Website verwendet Google Analytics zudem f\u00fcr eine ger\u00e4te\u00fcbergreifende Analyse von Besucherstr\u00f6men, die \u00fcber eine User-ID durchgef\u00fchrt wird. Sie k\u00f6nnen in Ihrem Kundenkonto unter \u201eMeine Daten\u201c, \u201epers\u00f6nliche Daten\u201c die ger\u00e4te\u00fcbergreifende Analyse Ihrer Nutzung deaktivieren.<\/p>\r\n<p>Zus\u00e4tzlich oder als Alternative zum Browser-Add-On k\u00f6nnen Sie das Tracking durch Google Analytics auf unseren Seiten unterbinden, indem Sie [google_analytics_optout]diesen\u00a0Link anklicken.[\/google_analytics_optout] Dabei wird ein Opt-Out-Cookie auf Ihrem Ger\u00e4t installiert. Damit wird die Erfassung durch Google Analytics f\u00fcr diese Website und f\u00fcr diesen Browser zuk\u00fcnftig verhindert, so lange das Cookie in Ihrem Browser installiert bleibt.<\/p>\r\n<h2>google Webfonts \u2013 Scriptbibliotheken<\/h2>\r\n<p>Um die Inhalte unserer Website ansprechend darzustellen, verwenden wir Schriftbibliotheken von Google Webfonts (<a href=\"http:\/\/www.google.com\/webfonts\/%22%20%5Ct%20%22_blank\">https:\/\/www.google.com\/webfonts\/<\/a>). Diese Webfonts werden zur Vermeidung mehrfachen Ladens in den Cache Ihres Browsers \u00fcbertragen. Falls der Browser die Google Webfonts nicht unterst\u00fctzt oder den Zugriff unterbindet, werden Inhalte in einer Standardschrift angezeigt.<\/p>\r\n<p>Datenschutzrichtlinie des Betreibers: <a href=\"https:\/\/www.google.com\/policies\/privacy\/%22%20%5Ct%20%22_blank\">https:\/\/www.google.com\/policies\/privacy\/<\/a><\/p>\r\n<h2>Google Maps<\/h2>\r\n<p>(1) Auf dieser Website nutzen wir das Angebot von Google Maps. Dadurch k\u00f6nnen wir Ihnen interaktive Karten direkt in der Website anzeigen und erm\u00f6glichen Ihnen die komfortable Nutzung der Karten-Funktion.<\/p>\r\n<p>(2) Durch den Besuch auf der Website erh\u00e4lt Google die Information, dass Sie die entsprechende Unterseite unserer Website aufgerufen haben. Zudem werden die beim Besuch unserer Website erhobenen Daten \u00fcbermittelt. Dies erfolgt unabh\u00e4ngig davon, ob Google ein Nutzerkonto bereitstellt, \u00fcber das Sie eingeloggt sind, oder ob kein Nutzerkonto besteht. Wenn Sie bei Google eingeloggt sind, werden Ihre Daten direkt Ihrem Konto zugeordnet. Wenn Sie die Zuordnung mit Ihrem Profil bei Google nicht w\u00fcnschen, m\u00fcssen Sie sich vor Aktivierung des Buttons ausloggen. Google speichert Ihre Daten als Nutzungsprofile und nutzt sie f\u00fcr Zwecke der Werbung, Marktforschung und\/oder bedarfsgerechten Gestaltung seiner Website. Eine solche Auswertung erfolgt insbesondere (selbst f\u00fcr nicht eingeloggte Nutzer) zur Erbringung von bedarfsgerechter Werbung und um andere Nutzer des sozialen Netzwerks \u00fcber Ihre Aktivit\u00e4ten auf unserer Website zu informieren. Ihnen steht ein Widerspruchsrecht zu gegen die Bildung dieser Nutzerprofile, wobei Sie sich zur Aus\u00fcbung dessen an Google richten m\u00fcssen.<\/p>\r\n<p>(3) Weitere Informationen zu Zweck und Umfang der Datenerhebung und ihrer Verarbeitung durch den Plug-in-Anbieter erhalten Sie in den Datenschutzerkl\u00e4rungen des Anbieters. Dort erhalten Sie auch weitere Informationen zu Ihren diesbez\u00fcglichen Rechten und Einstellungsm\u00f6glichkeiten zum Schutze Ihrer Privatsph\u00e4re: http:\/\/www.google.de\/intl\/de\/policies\/privacy. Google verarbeitet Ihre personenbezogenen Daten auch in den USA und hat sich dem EU-US Privacy Shield unterworfen, <a href=\"https:\/\/www.privacyshield.gov\/EU-US-Framework\">https:\/\/www.privacyshield.gov\/EU-US-Framework<\/a>.<\/p>\r\n<h2>Tracking<\/h2>\r\n<p class=\"p1\"><span class=\"s1\">Zur statistischen Erfassung und Auswertung der Nutzerstr\u00f6me speichert diese Website anonymisierte Nutzerdaten wie die IP Adresse \u00fcber das WordPress Plugin \u201eWP-Statistics\u201c. Die Daten werden nicht an Dritte weitergegeben. Die Im Rahmen des Tracking \u00fcbermittelten anonymisierten IP-Adressen werden nicht mit anderen Daten zusammengef\u00fchrt.<\/span><\/p>\r\n<h2>Nutzung der Website durch Kinder<\/h2>\r\n<p>Unser Angebot richtet sich an Erwachsene. Personen unter 18 Jahren sollen ohne Zustimmung der Eltern oder Erziehungsberechtigten keine personenbezogenen Daten an uns \u00fcbermitteln.<\/p>\r\n<h2>Auftragsverarbeiter<\/h2>\r\n<p>Wir bedienen uns externen Dienstleister (Auftragsverarbeiter) z. B. f\u00fcr den Versand von Waren, Newsletter oder Zahlungsabwicklungen. Mit dem Dienstleister wurde eine separate Auftragsdatenverarbeitung geschlossen, um den Schutz Ihrer personenbezogenen Daten zu gew\u00e4hrleisten.<\/p>\r\n<h2>Betroffenenrechte<\/h2>\r\n<ul>\r\n\t<li>Widerruf Ihrer Einwilligung<br \/>\r\nSofern die Verarbeitung der personenbezogenen Daten auf einer erteilten Einwilligung beruht, haben Sie jederzeit das Recht, die Einwilligung zu widerrufen. Durch den Widerruf der Einwilligung wird die Rechtm\u00e4\u00dfigkeit der aufgrund der Einwilligung bis zum Widerruf erfolgten Verarbeitung nicht ber\u00fchrt.<\/li>\r\n\t<li>Recht auf Best\u00e4tigung<br \/>\r\nSie haben das Recht, von dem Verantwortlichen eine Best\u00e4tigung dar\u00fcber zu verlangen, ob wir betreffende personenbezogene Daten verarbeiten. Die Best\u00e4tigung k\u00f6nnen Sie jederzeit unter den oben genannten Kontaktdaten verlangen.<\/li>\r\n\t<li>Auskunftsrecht<\/li>\r\n\t<li>Recht auf Berichtigung<\/li>\r\n\t<li>Recht auf L\u00f6schung (\u201eRecht auf vergessen werden\u201c)<\/li>\r\n\t<li>Recht auf Einschr\u00e4nkung der Verarbeitung<\/li>\r\n\t<li>Recht auf Daten\u00fcbertragbarkeit<\/li>\r\n\t<li>Widerspruchsrecht<\/li>\r\n\t<li>Automatisierte Entscheidungen im Einzelfall einschlie\u00dflich Profiling<\/li>\r\n\t<li>Recht auf Beschwerde bei einer Aufsichtsbeh\u00f6rde<\/li>\r\n\t<li>Recht auf wirksamen gerichtlichen Rechtsbehelf<\/li>\r\n<\/ul>\r\n<h2>\u00a0<\/h2>\r\n<h2>\u00c4nderung unserer Datenschutzbestimmungen<\/h2>\r\n<p>Wir behalten uns vor, diese Datenschutzerkl\u00e4rung anzupassen, damit sie stets den aktuellen rechtlichen Anforderungen entspricht oder um \u00c4nderungen unserer Leistungen in der Datenschutzerkl\u00e4rung umzusetzen, z.B. bei der Einf\u00fchrung neuer Services. F\u00fcr Ihren erneuten Besuch gilt dann die neue Datenschutzerkl\u00e4rung.<\/p>\r\n<p>Stand 25.05.2018<\/p>\r\n<p>&nbsp;<\/p>\r\n","protected":false},"excerpt":{"rendered":"<p>Verantwortliche Stelle im Sinne der Datenschutzgesetze, insbesondere der EU-Datenschutzgrundverordnung (DSGVO): Two Hands Consulting GmbH &amp;&hellip;<\/p>\n","protected":false},"author":1,"featured_media":0,"parent":0,"menu_order":0,"comment_status":"closed","ping_status":"closed","template":"","meta":[],"_links":{"self":[{"href":"https:\/\/twohands-consulting.de\/en\/wp-json\/wp\/v2\/pages\/372\/"}],"collection":[{"href":"https:\/\/twohands-consulting.de\/en\/wp-json\/wp\/v2\/pages\/"}],"about":[{"href":"https:\/\/twohands-consulting.de\/en\/wp-json\/wp\/v2\/types\/page\/"}],"author":[{"embeddable":true,"href":"https:\/\/twohands-consulting.de\/en\/wp-json\/wp\/v2\/users\/1\/"}],"replies":[{"embeddable":true,"href":"https:\/\/twohands-consulting.de\/en\/wp-json\/wp\/v2\/comments\/?post=372"}],"version-history":[{"count":2,"href":"https:\/\/twohands-consulting.de\/en\/wp-json\/wp\/v2\/pages\/372\/revisions\/"}],"predecessor-version":[{"id":437,"href":"https:\/\/twohands-consulting.de\/en\/wp-json\/wp\/v2\/pages\/372\/revisions\/437\/"}],"wp:attachment":[{"href":"https:\/\/twohands-consulting.de\/en\/wp-json\/wp\/v2\/media\/?parent=372"}],"curies":[{"name":"wp","href":"https:\/\/api.w.org\/{rel}","templated":true}]}}