{"id":375,"date":"2020-06-04T10:38:55","date_gmt":"2020-06-04T08:38:55","guid":{"rendered":"https:\/\/twohands-consulting.de\/impressum\/"},"modified":"2025-02-13T16:58:48","modified_gmt":"2025-02-13T15:58:48","slug":"impressum","status":"publish","type":"page","link":"https:\/\/twohands-consulting.de\/en\/impressum\/","title":{"rendered":"IMPRESSUM"},"content":{"rendered":"<p><strong>Two Hands Consulting GmbH &amp; Co. KG<\/strong><\/p>\n<p>Boschring 20<br \/>\n56422 Wirges<\/p>\n<p>TELEFON: <br \/>\n<a href=\"tel:+491743163867\">+49 174 \u2013 31 63 867<\/a><br \/>\n<a href=\"tel:+491742109833\">+49 174<\/a><a href=\"tel:+491743163867\"> \u2013 <\/a><a href=\"tel:+491742109833\"> 21 09 833<\/a><br \/>\nEMAIL: <a href=\"mailto:info@twohands-consulting.de\">info@twohands-consulting.de<\/a><\/p>\n<p>&nbsp;<\/p>\n<p>Registergericht: Handelsregister A des Amtsgerichts Montabaur <br \/>\nRegisternummer: HRA 21398<\/p>\n<p>USt-ID: DE 260019938<\/p>\n<p>Vertretungsberechtigter Gesch\u00e4ftsf\u00fchrer: Two Hands GmbH, M\u00fcnchen (Amtsgericht M\u00fcnchen HRB 169667) vertreten durch Dipl. Kfm. Andr\u00e9 Potreck<\/p>\n<p>&nbsp;<\/p>\n<p>Design &amp; Coding:\u00a0<a href=\"http:\/\/der-arthur.de\/\" target=\"_blank\" rel=\"noopener noreferrer\">&lt;\/Arthur \u2013 Full Service Agentur<\/a><\/p>\n<p>&nbsp;<\/p>\n<h2>Haftung f\u00fcr Inhalte<\/h2>\n<p>Die auf diesen Webseiten verf\u00fcgbaren Beitr\u00e4ge dienen ausschlie\u00dflich allgemeinen Informationszwecken und stellen keine Beratung in konkreten F\u00e4llen dar. Wir bem\u00fchen uns, gem\u00e4\u00df den geltenden gesetzlichen Bestimmungen, insbesondere unter Ber\u00fccksichtigung des Digital Services Act (DSA) der Europ\u00e4ischen Union, die Richtigkeit und Aktualit\u00e4t aller enthaltenen Informationen und Daten sicherzustellen. Dennoch \u00fcbernehmen wir keine Gew\u00e4hr f\u00fcr die Korrektheit, Vollst\u00e4ndigkeit, Aktualit\u00e4t oder Qualit\u00e4t der bereitgestellten Inhalte. Die Haftung f\u00fcr den Inhalt der abrufbaren Informationen wird ausgeschlossen, soweit es sich nicht um vors\u00e4tzliche oder grob fahrl\u00e4ssige Falschinformation handelt. Verpflichtungen zur Entfernung oder Sperrung der Nutzung von Informationen nach den allgemeinen Gesetzen bleiben hiervon unber\u00fchrt. Eine diesbez\u00fcgliche Haftung ist jedoch erst ab dem Zeitpunkt der Kenntnis einer konkreten Rechtsverletzung m\u00f6glich. Bei Bekanntwerden von entsprechenden Rechtsverletzungen werden wir diese Inhalte umgehend entfernen.<\/p>\n<h2>Haftung f\u00fcr Links<\/h2>\n<p>Wir sind f\u00fcr den Inhalt von Webseiten, die \u00fcber einen Hyperlink erreicht werden, nicht verantwortlich. F\u00fcr den Inhalt der verlinkten Seiten sind ausschlie\u00dflich deren Betreiber verantwortlich. Wir machen uns die Inhalte dieser Internetseiten ausdr\u00fccklich nicht zu eigen und k\u00f6nnen deshalb f\u00fcr die inhaltliche Korrektheit, Vollst\u00e4ndigkeit und Verf\u00fcgbarkeit keine Gew\u00e4hr leisten. Wir haben bei der erstmaligen Verkn\u00fcpfung zwar den fremden Inhalt daraufhin \u00fcberpr\u00fcft, ob durch ihn eine m\u00f6gliche zivilrechtliche oder strafrechtliche Verantwortlichkeit ausgel\u00f6st wird. Wir sind aber nicht dazu verpflichtet, die Inhalte, auf die wir unserem Angebot verweisen, st\u00e4ndig auf Ver\u00e4nderungen zu \u00fcberpr\u00fcfen, die eine Verantwortlichkeit neu begr\u00fcnden k\u00f6nnten. Erst wenn wir feststellen oder von anderen darauf hingewiesen werden, dass ein konkretes Angebot, zu dem wir einen Link bereitgestellt haben, eine zivil- oder strafrechtliche Verantwortlichkeit ausl\u00f6st, werden wir den Verweis auf dieses Angebot aufheben, soweit uns dies technisch m\u00f6glich und zumutbar ist.<\/p>\n<h2>Urheberrecht<\/h2>\n<p>Die durch den Betreiber dieser Seite erstellten Inhalte und Werke auf diesen Webseiten unterliegen dem deutschen Urheberrecht. S\u00e4mtliche Beitr\u00e4ge Dritter sind als solche gekennzeichnet. Die Vervielf\u00e4ltigung, Bearbeitung, Verbreitung und jede Art der Verwertung au\u00dferhalb der Grenzen des Urheberrechts bed\u00fcrfen der schriftlichen Zustimmung des jeweiligen Autors bzw. Erstellers. Kopien von diesen Seiten sind nicht gestattet.<\/p>\n<h2>Online-Streitbeilegung\u00a0<\/h2>\n<p>Die Europ\u00e4ische Kommission stellt unter https:\/\/ec.europa.eu\/consumers\/odr\/ eine Plattform zur Online-Streitbeilegung bereit, die Verbraucher f\u00fcr die Beilegung einer Streitigkeit nutzen k\u00f6nnen und auf der weitere Informationen zum Thema Streitschlichtung zu finden sind. <\/p>\n<p>&nbsp;<\/p>\n","protected":false},"excerpt":{"rendered":"<p>Two Hands Consulting GmbH &amp; Co. KG Boschring 20 56422 Wirges TELEFON: +49 174 \u2013&hellip;<\/p>\n","protected":false},"author":1,"featured_media":0,"parent":0,"menu_order":0,"comment_status":"closed","ping_status":"closed","template":"","meta":[],"_links":{"self":[{"href":"https:\/\/twohands-consulting.de\/en\/wp-json\/wp\/v2\/pages\/375\/"}],"collection":[{"href":"https:\/\/twohands-consulting.de\/en\/wp-json\/wp\/v2\/pages\/"}],"about":[{"href":"https:\/\/twohands-consulting.de\/en\/wp-json\/wp\/v2\/types\/page\/"}],"author":[{"embeddable":true,"href":"https:\/\/twohands-consulting.de\/en\/wp-json\/wp\/v2\/users\/1\/"}],"replies":[{"embeddable":true,"href":"https:\/\/twohands-consulting.de\/en\/wp-json\/wp\/v2\/comments\/?post=375"}],"version-history":[{"count":4,"href":"https:\/\/twohands-consulting.de\/en\/wp-json\/wp\/v2\/pages\/375\/revisions\/"}],"predecessor-version":[{"id":481,"href":"https:\/\/twohands-consulting.de\/en\/wp-json\/wp\/v2\/pages\/375\/revisions\/481\/"}],"wp:attachment":[{"href":"https:\/\/twohands-consulting.de\/en\/wp-json\/wp\/v2\/media\/?parent=375"}],"curies":[{"name":"wp","href":"https:\/\/api.w.org\/{rel}","templated":true}]}}